{"id":498,"date":"2018-06-25T15:25:17","date_gmt":"2018-06-25T13:25:17","guid":{"rendered":"https:\/\/emrolab.htwsaar.de\/?page_id=498"},"modified":"2020-11-05T11:45:52","modified_gmt":"2020-11-05T10:45:52","slug":"efre","status":"publish","type":"page","link":"https:\/\/m4p.htwsaar.de\/index.php\/feeul-projekte\/efre\/","title":{"rendered":"EFRE &#8211; Europ\u00e4ischen Fonds f\u00fcr regionale Entwicklung"},"content":{"rendered":"<h3>Neuroergonomic Digital Factory Saar<\/h3>\n<h5>Forschungs- und Entwicklungsplattform f\u00fcr eine menschzentrierte, neuroergonomische Mensch-Maschine-Kollaboration in der hochdigitalisierten Produktion<\/h5>\n<p>Das Ziel des Projektes ist die Realisierung einer Forschungs- und Entwicklungsplattform f\u00fcr eine menschzentrierte, neuroergonomische Mensch-Maschine-Kollaboration in der hochdigitalisierten Produktion. Das Projekt nutzt neurowissenschaftlich fundierte Ans\u00e4tze und k\u00fcrzlich entwickelte Methode des mobilen psychophysiologischen Humanmonitoring um Arbeitspl\u00e4tze in der digitalisierten Produktion zu erforschen bzw. um neue Kollaborationssysteme und -strategien zu entwickeln. Die im Rahmen des Projektes zu erforschenden Nutzungs- und Anwendungssszenarien orientieren sich an den Anforderungenvon drei kleinen und mittleren Unternehmen im Saarland, welche als assoziierte Partner das Projekt begleiten.<\/p>\n\n\n<h5 class=\"wp-block-heading\">Video Testfeld Digitalisierung<\/h5>\n\n\n\n<figure class=\"wp-block-video\"><video controls poster=\"https:\/\/emrolab.htwsaar.de\/wp-content\/uploads\/2019\/02\/cover.jpg\" src=\"https:\/\/emrolab.htwsaar.de\/wp-content\/uploads\/2019\/02\/FancyFactory_Lehre.mp4\"><\/video><\/figure>\n\n\n\n<p><\/p>\n\n\n\n<p><\/p>\n\n\n\n<h2 class=\"wp-block-heading\"><\/h2>\n\n\n\n<p>Gef\u00f6rdert durch (<a href=\"http:\/\/m4p.htwsaar.de\/wp-content\/uploads\/2020\/11\/Foerderschild-EFRE.pdf\">Projektposter<\/a>):<\/p>\n\n\n\n<div class=\"wp-block-image\"><figure class=\"alignleft size-large is-resized\"><img loading=\"lazy\" decoding=\"async\" src=\"http:\/\/m4p.htwsaar.de\/wp-content\/uploads\/2020\/11\/Logo-EFRE-1024x293.jpg\" alt=\"\" class=\"wp-image-2344\" width=\"244\" height=\"69\" srcset=\"https:\/\/m4p.htwsaar.de\/wp-content\/uploads\/2020\/11\/Logo-EFRE-1024x293.jpg 1024w, https:\/\/m4p.htwsaar.de\/wp-content\/uploads\/2020\/11\/Logo-EFRE-300x86.jpg 300w, https:\/\/m4p.htwsaar.de\/wp-content\/uploads\/2020\/11\/Logo-EFRE-768x219.jpg 768w, https:\/\/m4p.htwsaar.de\/wp-content\/uploads\/2020\/11\/Logo-EFRE-1536x439.jpg 1536w, https:\/\/m4p.htwsaar.de\/wp-content\/uploads\/2020\/11\/Logo-EFRE-2048x585.jpg 2048w\" sizes=\"auto, (max-width: 244px) 100vw, 244px\" \/><\/figure><\/div>\n\n\n\n<div class=\"wp-block-image\"><figure class=\"alignright size-large is-resized\"><img loading=\"lazy\" decoding=\"async\" src=\"http:\/\/m4p.htwsaar.de\/wp-content\/uploads\/2020\/11\/Staatskanlei-1-1024x414.jpg\" alt=\"\" class=\"wp-image-2343\" width=\"224\" height=\"90\" srcset=\"https:\/\/m4p.htwsaar.de\/wp-content\/uploads\/2020\/11\/Staatskanlei-1-1024x414.jpg 1024w, https:\/\/m4p.htwsaar.de\/wp-content\/uploads\/2020\/11\/Staatskanlei-1-300x121.jpg 300w, https:\/\/m4p.htwsaar.de\/wp-content\/uploads\/2020\/11\/Staatskanlei-1-768x311.jpg 768w, https:\/\/m4p.htwsaar.de\/wp-content\/uploads\/2020\/11\/Staatskanlei-1.jpg 1313w\" sizes=\"auto, (max-width: 224px) 100vw, 224px\" \/><\/figure><\/div>\n\n\n\n<p><\/p>\n","protected":false},"excerpt":{"rendered":"<p>Neuroergonomic Digital Factory Saar Forschungs- und Entwicklungsplattform f\u00fcr eine menschzentrierte, neuroergonomische Mensch-Maschine-Kollaboration in der hochdigitalisierten Produktion Das Ziel des Projektes ist die Realisierung einer Forschungs- und Entwicklungsplattform f\u00fcr eine menschzentrierte, neuroergonomische Mensch-Maschine-Kollaboration in der hochdigitalisierten Produktion. Das Projekt nutzt neurowissenschaftlich<\/p>\n","protected":false},"author":4,"featured_media":0,"parent":501,"menu_order":0,"comment_status":"closed","ping_status":"closed","template":"","meta":{"footnotes":""},"class_list":["post-498","page","type-page","status-publish","hentry"],"_links":{"self":[{"href":"https:\/\/m4p.htwsaar.de\/index.php\/wp-json\/wp\/v2\/pages\/498","targetHints":{"allow":["GET"]}}],"collection":[{"href":"https:\/\/m4p.htwsaar.de\/index.php\/wp-json\/wp\/v2\/pages"}],"about":[{"href":"https:\/\/m4p.htwsaar.de\/index.php\/wp-json\/wp\/v2\/types\/page"}],"author":[{"embeddable":true,"href":"https:\/\/m4p.htwsaar.de\/index.php\/wp-json\/wp\/v2\/users\/4"}],"replies":[{"embeddable":true,"href":"https:\/\/m4p.htwsaar.de\/index.php\/wp-json\/wp\/v2\/comments?post=498"}],"version-history":[{"count":16,"href":"https:\/\/m4p.htwsaar.de\/index.php\/wp-json\/wp\/v2\/pages\/498\/revisions"}],"predecessor-version":[{"id":2373,"href":"https:\/\/m4p.htwsaar.de\/index.php\/wp-json\/wp\/v2\/pages\/498\/revisions\/2373"}],"up":[{"embeddable":true,"href":"https:\/\/m4p.htwsaar.de\/index.php\/wp-json\/wp\/v2\/pages\/501"}],"wp:attachment":[{"href":"https:\/\/m4p.htwsaar.de\/index.php\/wp-json\/wp\/v2\/media?parent=498"}],"curies":[{"name":"wp","href":"https:\/\/api.w.org\/{rel}","templated":true}]}}