{"id":332,"date":"2017-04-10T17:54:44","date_gmt":"2017-04-10T15:54:44","guid":{"rendered":"http:\/\/emrolab.htw-saarland.de\/?page_id=332"},"modified":"2023-02-01T11:54:38","modified_gmt":"2023-02-01T10:54:38","slug":"forschungsprojekte","status":"publish","type":"page","link":"https:\/\/m4p.htwsaar.de\/index.php\/feeul-projekte\/forschungsprojekte\/","title":{"rendered":"Forschungsprojekte"},"content":{"rendered":"\n<div class=\"wp-block-columns are-vertically-aligned-center is-layout-flex wp-container-core-columns-is-layout-28f84493 wp-block-columns-is-layout-flex\">\n<div class=\"wp-block-column is-vertically-aligned-center is-layout-flow wp-block-column-is-layout-flow\" style=\"flex-basis:120px\">\n<figure class=\"wp-block-image aligncenter size-full is-resized\"><img loading=\"lazy\" decoding=\"async\" src=\"https:\/\/m4p.htwsaar.de\/wp-content\/uploads\/2023\/02\/BMBF.png\" alt=\"\" class=\"wp-image-2431\" width=\"130\" height=\"90\"\/><\/figure>\n<\/div>\n\n\n\n<div class=\"wp-block-column is-vertically-aligned-center is-layout-flow wp-block-column-is-layout-flow\">\n<p><strong>BMBF-FZ<\/strong><br><em>DEEP IMMERSION LAB SAAR<\/em>: Neurotechnologische Plattform f\u00fcr eine neurokognitiv-affektive Optimierung des H\u00f6rerlebens in multisensorisch gemischten Realit\u00e4ten<br>2023-2026<br>Leitung Prof. Dr. Dr. Strauss<\/p>\n<\/div>\n<\/div>\n\n\n\n<div class=\"wp-block-columns are-vertically-aligned-center is-layout-flex wp-container-core-columns-is-layout-28f84493 wp-block-columns-is-layout-flex\">\n<div class=\"wp-block-column is-vertically-aligned-center is-layout-flow wp-block-column-is-layout-flow\" style=\"flex-basis:120px\">\n<figure class=\"wp-block-image aligncenter size-full is-resized\"><img loading=\"lazy\" decoding=\"async\" src=\"https:\/\/m4p.htwsaar.de\/wp-content\/uploads\/2023\/02\/EFRE.png\" alt=\"\" class=\"wp-image-2435\" width=\"81\" height=\"55\" srcset=\"https:\/\/m4p.htwsaar.de\/wp-content\/uploads\/2023\/02\/EFRE.png 323w, https:\/\/m4p.htwsaar.de\/wp-content\/uploads\/2023\/02\/EFRE-300x203.png 300w\" sizes=\"auto, (max-width: 81px) 100vw, 81px\" \/><\/figure>\n<\/div>\n\n\n\n<div class=\"wp-block-column is-vertically-aligned-center is-layout-flow wp-block-column-is-layout-flow\">\n<p><strong>EFRE<\/strong><br><em>CDNS<\/em>: Center for Digital Neurotechnologies Saar<br>2022-2025<br>Leitung Prof. Dr. Dr. Strauss, Prof. Dr. Martina Lehser, Prof. Dr. Steffen Knapp<\/p>\n<\/div>\n<\/div>\n\n\n\n<div class=\"wp-block-columns are-vertically-aligned-center is-layout-flex wp-container-core-columns-is-layout-28f84493 wp-block-columns-is-layout-flex\">\n<div class=\"wp-block-column is-vertically-aligned-center is-layout-flow wp-block-column-is-layout-flow\" style=\"flex-basis:120px\">\n<figure class=\"wp-block-image aligncenter size-full is-resized\"><img loading=\"lazy\" decoding=\"async\" src=\"https:\/\/m4p.htwsaar.de\/wp-content\/uploads\/2023\/02\/EFRE.png\" alt=\"\" class=\"wp-image-2435\" width=\"81\" height=\"55\" srcset=\"https:\/\/m4p.htwsaar.de\/wp-content\/uploads\/2023\/02\/EFRE.png 323w, https:\/\/m4p.htwsaar.de\/wp-content\/uploads\/2023\/02\/EFRE-300x203.png 300w\" sizes=\"auto, (max-width: 81px) 100vw, 81px\" \/><\/figure>\n<\/div>\n\n\n\n<div class=\"wp-block-column is-vertically-aligned-center is-layout-flow wp-block-column-is-layout-flow\">\n<p><strong>EFRE<\/strong><br>MULTI-IMMERSE: Menschliche N\u00e4he durch die multisensorische Optimierung immersiver, virtueller Besuche zur Therapieunterst\u00fctzung bei schwer erkrankten Kindern und Jugendlichen in den Kinderkliniken des UKS<br>2022-2025<br>Leitung Prof. Dr. Dr. Strauss<\/p>\n<\/div>\n<\/div>\n\n\n\n<div class=\"wp-block-columns are-vertically-aligned-center is-layout-flex wp-container-core-columns-is-layout-28f84493 wp-block-columns-is-layout-flex\">\n<div class=\"wp-block-column is-vertically-aligned-center is-layout-flow wp-block-column-is-layout-flow\" style=\"flex-basis:120px\">\n<figure class=\"wp-block-image aligncenter size-large\"><img loading=\"lazy\" decoding=\"async\" width=\"1024\" height=\"473\" src=\"https:\/\/m4p.htwsaar.de\/wp-content\/uploads\/2023\/02\/image-1024x473.jpeg\" alt=\"\" class=\"wp-image-2459\" srcset=\"https:\/\/m4p.htwsaar.de\/wp-content\/uploads\/2023\/02\/image-1024x473.jpeg 1024w, https:\/\/m4p.htwsaar.de\/wp-content\/uploads\/2023\/02\/image-300x139.jpeg 300w, https:\/\/m4p.htwsaar.de\/wp-content\/uploads\/2023\/02\/image-768x355.jpeg 768w, https:\/\/m4p.htwsaar.de\/wp-content\/uploads\/2023\/02\/image.jpeg 1125w\" sizes=\"auto, (max-width: 1024px) 100vw, 1024px\" \/><\/figure>\n\n\n\n<figure class=\"wp-block-image aligncenter size-full is-resized\"><img loading=\"lazy\" decoding=\"async\" src=\"https:\/\/m4p.htwsaar.de\/wp-content\/uploads\/2023\/02\/EFRE.png\" alt=\"\" class=\"wp-image-2435\" width=\"81\" height=\"55\" srcset=\"https:\/\/m4p.htwsaar.de\/wp-content\/uploads\/2023\/02\/EFRE.png 323w, https:\/\/m4p.htwsaar.de\/wp-content\/uploads\/2023\/02\/EFRE-300x203.png 300w\" sizes=\"auto, (max-width: 81px) 100vw, 81px\" \/><\/figure>\n<\/div>\n\n\n\n<div class=\"wp-block-column is-vertically-aligned-center is-layout-flow wp-block-column-is-layout-flow\">\n<p><strong>Stiftung MESaar<\/strong> <strong>+ EFRE<\/strong><br><em>Testfeld Digitalisierung @ htw saar<\/em><br>2022-2027<br>Leitung Prof. Dr. Steffen Knapp, Prof. Dr. Martina Lehser<\/p>\n<\/div>\n<\/div>\n\n\n\n<div class=\"wp-block-columns are-vertically-aligned-center is-layout-flex wp-container-core-columns-is-layout-28f84493 wp-block-columns-is-layout-flex\">\n<div class=\"wp-block-column is-vertically-aligned-center is-layout-flow wp-block-column-is-layout-flow\" style=\"flex-basis:120px\">\n<figure class=\"wp-block-image aligncenter size-full is-resized\"><img loading=\"lazy\" decoding=\"async\" src=\"https:\/\/m4p.htwsaar.de\/wp-content\/uploads\/2023\/02\/BMBF.png\" alt=\"\" class=\"wp-image-2431\" width=\"130\" height=\"90\"\/><\/figure>\n<\/div>\n\n\n\n<div class=\"wp-block-column is-vertically-aligned-center is-layout-flow wp-block-column-is-layout-flow\">\n<p><strong><strong>BMBF-FZ 03FH004IN3 + Saarland<\/strong><\/strong><br><em>MINDSCAN: Hochaufl\u00f6sender Neuromonitor zur Analyse von Aufmerksamkeitsprozessen und kognitiver Anstrengung in interaktiven virtuellen Umgebungen<\/em><br>2013-2015<br>Leitung Prof. Dr. Dr. Strauss<\/p>\n<\/div>\n<\/div>\n\n\n\n<div class=\"wp-block-columns are-vertically-aligned-center is-layout-flex wp-container-core-columns-is-layout-28f84493 wp-block-columns-is-layout-flex\">\n<div class=\"wp-block-column is-vertically-aligned-center is-layout-flow wp-block-column-is-layout-flow\" style=\"flex-basis:120px\">\n<figure class=\"wp-block-image aligncenter size-full is-resized\"><img loading=\"lazy\" decoding=\"async\" src=\"https:\/\/m4p.htwsaar.de\/wp-content\/uploads\/2023\/02\/BMBF.png\" alt=\"\" class=\"wp-image-2431\" width=\"130\" height=\"90\"\/><\/figure>\n<\/div>\n\n\n\n<div class=\"wp-block-column is-vertically-aligned-center is-layout-flow wp-block-column-is-layout-flow\">\n<p><strong><strong><strong>BMBF-FZ 03FH036I3<\/strong><\/strong><\/strong><br><em>NEUROKOGNITIVE AMFS: Neurokognitive Mess- und Simulationsumgebung zum Design auditorischer Mensch-Fahrzeug-Schnittstellen<\/em><br>2013-2017<br>Leitung Prof. Dr. Dr. Strauss<\/p>\n<\/div>\n<\/div>\n\n\n\n<div class=\"wp-block-columns are-vertically-aligned-center is-layout-flex wp-container-core-columns-is-layout-28f84493 wp-block-columns-is-layout-flex\">\n<div class=\"wp-block-column is-vertically-aligned-center is-layout-flow wp-block-column-is-layout-flow\" style=\"flex-basis:120px\">\n<figure class=\"wp-block-image aligncenter size-full is-resized\"><img loading=\"lazy\" decoding=\"async\" src=\"https:\/\/m4p.htwsaar.de\/wp-content\/uploads\/2023\/02\/BMBF.png\" alt=\"\" class=\"wp-image-2431\" width=\"130\" height=\"90\"\/><\/figure>\n<\/div>\n\n\n\n<div class=\"wp-block-column is-vertically-aligned-center is-layout-flow wp-block-column-is-layout-flow\">\n<p><strong><strong><strong><strong>BMBF-FZ 03FH016PX5 (ProfUnt)<\/strong><\/strong><\/strong><\/strong><br><em><em>BIMODAL FUSION: Eine neurotechnologische Optimierungsarchitektur f\u00fcr integrierte bimodale H\u00f6rsysteme<\/em><br>2016-2019<br>Leitung Prof. Dr. Dr. Strauss<\/em><\/p>\n<\/div>\n<\/div>\n\n\n\n<div class=\"wp-block-columns are-vertically-aligned-center is-layout-flex wp-container-core-columns-is-layout-28f84493 wp-block-columns-is-layout-flex\">\n<div class=\"wp-block-column is-vertically-aligned-center is-layout-flow wp-block-column-is-layout-flow\" style=\"flex-basis:120px\">\n<figure class=\"wp-block-image aligncenter size-full is-resized\"><img loading=\"lazy\" decoding=\"async\" src=\"https:\/\/m4p.htwsaar.de\/wp-content\/uploads\/2023\/02\/BMBF.png\" alt=\"\" class=\"wp-image-2431\" width=\"130\" height=\"90\"\/><\/figure>\n<\/div>\n\n\n\n<div class=\"wp-block-column is-vertically-aligned-center is-layout-flow wp-block-column-is-layout-flow\">\n<p><strong><strong><strong><strong><strong>BMVI-FZ 16AVF2129B<\/strong><\/strong><\/strong><\/strong><\/strong><br><em>Verbundprojekt: Kooperatives, automatisiertes Fahren im neurokognitiven Testfeld Saarland (kantSaar)<\/em><br>2018-2021<br>Leitung Neurotechnologie Prof. Dr. Dr. Strauss<\/p>\n<\/div>\n<\/div>\n\n\n\n<div class=\"wp-block-columns are-vertically-aligned-center is-layout-flex wp-container-core-columns-is-layout-28f84493 wp-block-columns-is-layout-flex\">\n<div class=\"wp-block-column is-vertically-aligned-center is-layout-flow wp-block-column-is-layout-flow\" style=\"flex-basis:120px\">\n<figure class=\"wp-block-image aligncenter size-full is-resized\"><img loading=\"lazy\" decoding=\"async\" src=\"https:\/\/m4p.htwsaar.de\/wp-content\/uploads\/2023\/02\/BMBF.png\" alt=\"\" class=\"wp-image-2431\" width=\"130\" height=\"90\"\/><\/figure>\n<\/div>\n\n\n\n<div class=\"wp-block-column is-vertically-aligned-center is-layout-flow wp-block-column-is-layout-flow\">\n<p><strong>BMBF-FZ 13FH737IX6<\/strong><br><em>ASSISTED MIND: Ein multimodales, psychophysiologisches Interface f\u00fcr eine kontextadaptive, neuroergonomische Mensch-Fahrzeug-Interaktion<\/em><br>2018-2022<br>Leitung Prof. Dr. Dr. Strauss<\/p>\n<\/div>\n<\/div>\n\n\n\n<div class=\"wp-block-columns are-vertically-aligned-center is-layout-flex wp-container-core-columns-is-layout-28f84493 wp-block-columns-is-layout-flex\">\n<div class=\"wp-block-column is-vertically-aligned-center is-layout-flow wp-block-column-is-layout-flow\" style=\"flex-basis:120px\">\n<figure class=\"wp-block-image aligncenter size-full is-resized\"><img loading=\"lazy\" decoding=\"async\" src=\"https:\/\/m4p.htwsaar.de\/wp-content\/uploads\/2023\/02\/EFRE.png\" alt=\"\" class=\"wp-image-2435\" width=\"81\" height=\"55\" srcset=\"https:\/\/m4p.htwsaar.de\/wp-content\/uploads\/2023\/02\/EFRE.png 323w, https:\/\/m4p.htwsaar.de\/wp-content\/uploads\/2023\/02\/EFRE-300x203.png 300w\" sizes=\"auto, (max-width: 81px) 100vw, 81px\" \/><\/figure>\n<\/div>\n\n\n\n<div class=\"wp-block-column is-vertically-aligned-center is-layout-flow wp-block-column-is-layout-flow\">\n<p><strong>EFRE-FZ<\/strong><br><em>Neuroergonomic Digital Factory Saar \u2013 Forschungs\u2013 und Entwicklungsplattform f\u00fcr eine menschzentrierte, neuroergonomische Mensch\u2013Maschine\u2013Kollaboration in der hochdigitalisierten Produktion<\/em><br>Leitung Neurotechnologie: Prof. Dr. Dr. Strauss, Leitung Robotik: Prof. Dr. Lehser<br>2017 \u2013 2020<\/p>\n<\/div>\n<\/div>\n\n\n\n<div class=\"wp-block-columns are-vertically-aligned-center is-layout-flex wp-container-core-columns-is-layout-28f84493 wp-block-columns-is-layout-flex\">\n<div class=\"wp-block-column is-vertically-aligned-center is-layout-flow wp-block-column-is-layout-flow\" style=\"flex-basis:120px\">\n<figure class=\"wp-block-image aligncenter size-full\"><img loading=\"lazy\" decoding=\"async\" width=\"259\" height=\"180\" src=\"https:\/\/m4p.htwsaar.de\/wp-content\/uploads\/2023\/02\/BMBF.png\" alt=\"\" class=\"wp-image-2431\"\/><\/figure>\n<\/div>\n\n\n\n<div class=\"wp-block-column is-vertically-aligned-center is-layout-flow wp-block-column-is-layout-flow\">\n<p><strong>BMBF-FZ: 16ES0407<\/strong><br><em>F\u00f6rdersysteme f\u00fcr sich selbst organisierende Warenstr\u00f6me und Produktionsprozesse<\/em><br>2016 \u2013 2019<br>Verbundkoordinator: Prof. Dr. Matthias Nienhaus, Universit\u00e4t des Saarlandes<br>Leitung Teilprojekt Mobile Transportsysteme: Prof. Dr. Martina Lehser<br>Verbundpartner: Universit\u00e4t des Saarlandes (Lehrstuhl f\u00fcr Antriebstechnik), htw saar (EmRoLab), HighTec EDV-Systeme GmbH, Micronas GmbH, Wellgo Ger\u00e4tetechnik GmbH<\/p>\n<\/div>\n<\/div>\n\n\n\n<div class=\"wp-block-columns are-vertically-aligned-center is-layout-flex wp-container-core-columns-is-layout-28f84493 wp-block-columns-is-layout-flex\">\n<div class=\"wp-block-column is-vertically-aligned-center is-layout-flow wp-block-column-is-layout-flow\" style=\"flex-basis:120px\">\n<figure class=\"wp-block-image aligncenter size-full\"><img loading=\"lazy\" decoding=\"async\" width=\"207\" height=\"69\" src=\"https:\/\/m4p.htwsaar.de\/wp-content\/uploads\/2023\/02\/Saarland.jpg\" alt=\"\" class=\"wp-image-2437\"\/><\/figure>\n<\/div>\n\n\n\n<div class=\"wp-block-column is-vertically-aligned-center is-layout-flow wp-block-column-is-layout-flow\">\n<p><strong>Landesforschungsf\u00f6rderungsprogramm FZ: WT\/2-LFFP 15\/14<\/strong><br><em>Human Mobility: Grundlegende Forschung zu Software- und Antriebstechnologien<\/em><br>2015 \u2013 2018<br>Leitung Prof. Dr. Martina Lehser<\/p>\n<\/div>\n<\/div>\n\n\n\n<div class=\"wp-block-columns are-vertically-aligned-center is-layout-flex wp-container-core-columns-is-layout-28f84493 wp-block-columns-is-layout-flex\">\n<div class=\"wp-block-column is-vertically-aligned-center is-layout-flow wp-block-column-is-layout-flow\" style=\"flex-basis:120px\">\n<figure class=\"wp-block-image aligncenter size-full\"><img loading=\"lazy\" decoding=\"async\" width=\"259\" height=\"180\" src=\"https:\/\/m4p.htwsaar.de\/wp-content\/uploads\/2023\/02\/BMBF.png\" alt=\"\" class=\"wp-image-2431\"\/><\/figure>\n<\/div>\n\n\n\n<div class=\"wp-block-column is-vertically-aligned-center is-layout-flow wp-block-column-is-layout-flow\">\n<p><strong>BMBF-FZ: 03FH004IN6<\/strong><br><em>Testfeld Digitalisierung in der Produktion @ htw saar<\/em><br>2016 \u2013 2017<br>Leitung Prof. Dr. Martina Lehser<\/p>\n<\/div>\n<\/div>\n\n\n\n<div class=\"wp-block-columns are-vertically-aligned-center is-layout-flex wp-container-core-columns-is-layout-28f84493 wp-block-columns-is-layout-flex\">\n<div class=\"wp-block-column is-vertically-aligned-center is-layout-flow wp-block-column-is-layout-flow\" style=\"flex-basis:120px\">\n<figure class=\"wp-block-image aligncenter size-full\"><img loading=\"lazy\" decoding=\"async\" width=\"259\" height=\"180\" src=\"https:\/\/m4p.htwsaar.de\/wp-content\/uploads\/2023\/02\/BMBF.png\" alt=\"\" class=\"wp-image-2431\"\/><\/figure>\n<\/div>\n\n\n\n<div class=\"wp-block-column is-vertically-aligned-center is-layout-flow wp-block-column-is-layout-flow\">\n<p><strong>BMBF-FZ 13FH071IN6<\/strong><br><em>MIND2CAR: Forschungsplattform f\u00fcr neuroergonomische und neurokybernetische Konzepte in der vernetzten Mensch-Fahrzeug-Interaktion<\/em><br>2017-2019<br>Leitung Prof. Dr. Dr. Strauss<\/p>\n<\/div>\n<\/div>\n\n\n\n<div class=\"wp-block-columns are-vertically-aligned-center is-layout-flex wp-container-core-columns-is-layout-28f84493 wp-block-columns-is-layout-flex\">\n<div class=\"wp-block-column is-vertically-aligned-center is-layout-flow wp-block-column-is-layout-flow\" style=\"flex-basis:120px\">\n<figure class=\"wp-block-image aligncenter size-full\"><img loading=\"lazy\" decoding=\"async\" width=\"259\" height=\"180\" src=\"https:\/\/m4p.htwsaar.de\/wp-content\/uploads\/2023\/02\/BMBF.png\" alt=\"\" class=\"wp-image-2431\"\/><\/figure>\n<\/div>\n\n\n\n<div class=\"wp-block-column is-vertically-aligned-center is-layout-flow wp-block-column-is-layout-flow\">\n<p><strong>BMBF-FZ: IN2016-1-897-15<\/strong><br><em>CaptainCluster: Cluster-Management und Unterst\u00fctzung zur Smart-Service-Implementierung<\/em><br>2017 \u2013 2021<br>Leitung Prof. Dr. Martina Lehser<\/p>\n<\/div>\n<\/div>\n\n\n\n<div class=\"wp-block-columns are-vertically-aligned-center is-layout-flex wp-container-core-columns-is-layout-28f84493 wp-block-columns-is-layout-flex\">\n<div class=\"wp-block-column is-vertically-aligned-center is-layout-flow wp-block-column-is-layout-flow\" style=\"flex-basis:120px\">\n<figure class=\"wp-block-image aligncenter size-full\"><img loading=\"lazy\" decoding=\"async\" width=\"262\" height=\"51\" src=\"https:\/\/m4p.htwsaar.de\/wp-content\/uploads\/2023\/02\/Logo_ME_Saar.png\" alt=\"\" class=\"wp-image-2438\"\/><\/figure>\n<\/div>\n\n\n\n<div class=\"wp-block-column is-vertically-aligned-center is-layout-flow wp-block-column-is-layout-flow\">\n<p><strong>MESaar<\/strong><br><em>Testfeld Digitalisierung in der Produktion<\/em><br>2016 \u2013 2019<br>Leitung Prof. Dr. Martina Lehser<\/p>\n<\/div>\n<\/div>\n\n\n\n<div class=\"wp-block-columns are-vertically-aligned-center is-layout-flex wp-container-core-columns-is-layout-28f84493 wp-block-columns-is-layout-flex\">\n<div class=\"wp-block-column is-vertically-aligned-center is-layout-flow wp-block-column-is-layout-flow\" style=\"flex-basis:120px\">\n<figure class=\"wp-block-image aligncenter size-full is-resized\"><img loading=\"lazy\" decoding=\"async\" src=\"https:\/\/m4p.htwsaar.de\/wp-content\/uploads\/2020\/11\/TUEV.png\" alt=\"\" class=\"wp-image-2245\" width=\"80\" height=\"80\" srcset=\"https:\/\/m4p.htwsaar.de\/wp-content\/uploads\/2020\/11\/TUEV.png 160w, https:\/\/m4p.htwsaar.de\/wp-content\/uploads\/2020\/11\/TUEV-150x150.png 150w\" sizes=\"auto, (max-width: 80px) 100vw, 80px\" \/><\/figure>\n<\/div>\n\n\n\n<div class=\"wp-block-column is-vertically-aligned-center is-layout-flow wp-block-column-is-layout-flow\">\n<p><strong>T\u00dcV SAARLAND STIFTUNG<\/strong><br><em>MIND2ROBOT: Qualit\u00e4t und Sicherheit durch bidirektionale Antizipation in der neuroergonomischen Mensch-Maschine-Kollaboration<\/em><br>2018-2019<\/p>\n<\/div>\n<\/div>\n\n\n\n<p><\/p>\n","protected":false},"excerpt":{"rendered":"<p>BMBF-FZDEEP IMMERSION LAB SAAR: Neurotechnologische Plattform f\u00fcr eine neurokognitiv-affektive Optimierung des H\u00f6rerlebens in multisensorisch gemischten Realit\u00e4ten2023-2026Leitung Prof. Dr. Dr. Strauss EFRECDNS: Center for Digital Neurotechnologies Saar2022-2025Leitung Prof. Dr. Dr. Strauss, Prof. Dr. Martina Lehser, Prof. Dr. Steffen Knapp EFREMULTI-IMMERSE: Menschliche<\/p>\n","protected":false},"author":4,"featured_media":0,"parent":501,"menu_order":0,"comment_status":"closed","ping_status":"closed","template":"","meta":{"footnotes":""},"class_list":["post-332","page","type-page","status-publish","hentry"],"_links":{"self":[{"href":"https:\/\/m4p.htwsaar.de\/index.php\/wp-json\/wp\/v2\/pages\/332","targetHints":{"allow":["GET"]}}],"collection":[{"href":"https:\/\/m4p.htwsaar.de\/index.php\/wp-json\/wp\/v2\/pages"}],"about":[{"href":"https:\/\/m4p.htwsaar.de\/index.php\/wp-json\/wp\/v2\/types\/page"}],"author":[{"embeddable":true,"href":"https:\/\/m4p.htwsaar.de\/index.php\/wp-json\/wp\/v2\/users\/4"}],"replies":[{"embeddable":true,"href":"https:\/\/m4p.htwsaar.de\/index.php\/wp-json\/wp\/v2\/comments?post=332"}],"version-history":[{"count":46,"href":"https:\/\/m4p.htwsaar.de\/index.php\/wp-json\/wp\/v2\/pages\/332\/revisions"}],"predecessor-version":[{"id":2473,"href":"https:\/\/m4p.htwsaar.de\/index.php\/wp-json\/wp\/v2\/pages\/332\/revisions\/2473"}],"up":[{"embeddable":true,"href":"https:\/\/m4p.htwsaar.de\/index.php\/wp-json\/wp\/v2\/pages\/501"}],"wp:attachment":[{"href":"https:\/\/m4p.htwsaar.de\/index.php\/wp-json\/wp\/v2\/media?parent=332"}],"curies":[{"name":"wp","href":"https:\/\/api.w.org\/{rel}","templated":true}]}}