{"id":1821,"date":"2019-05-01T15:51:36","date_gmt":"2019-05-01T13:51:36","guid":{"rendered":"https:\/\/emrolab.htwsaar.de\/?page_id=1821"},"modified":"2023-02-01T10:24:01","modified_gmt":"2023-02-01T09:24:01","slug":"aktuelles","status":"publish","type":"page","link":"https:\/\/m4p.htwsaar.de\/index.php\/aktuelles\/","title":{"rendered":"Aktuelles"},"content":{"rendered":"\n<figure class=\"wp-block-embed is-type-wp-embed is-provider-htw-saar-blog wp-block-embed-htw-saar-blog\"><div class=\"wp-block-embed__wrapper\">\n<blockquote class=\"wp-embedded-content\" data-secret=\"ibGW679qIA\"><a href=\"https:\/\/htwsaar-blog.de\/blog\/2022\/10\/18\/wo-der-mensch-im-fokus-steht\/\">Wo der Mensch im Fokus steht<\/a><\/blockquote><iframe loading=\"lazy\" class=\"wp-embedded-content\" sandbox=\"allow-scripts\" security=\"restricted\" style=\"position: absolute; clip: rect(1px, 1px, 1px, 1px);\" title=\"&#8222;Wo der Mensch im Fokus steht&#8220; &#8212; htw saar blog\" src=\"https:\/\/htwsaar-blog.de\/blog\/2022\/10\/18\/wo-der-mensch-im-fokus-steht\/embed\/#?secret=ibGW679qIA\" data-secret=\"ibGW679qIA\" width=\"600\" height=\"338\" frameborder=\"0\" marginwidth=\"0\" marginheight=\"0\" scrolling=\"no\"><\/iframe>\n<\/div><\/figure>\n\n\n\n<figure class=\"wp-block-embed is-type-wp-embed is-provider-htw-saar-blog wp-block-embed-htw-saar-blog\"><div class=\"wp-block-embed__wrapper\">\n<blockquote class=\"wp-embedded-content\" data-secret=\"TsOSYqI2SX\"><a href=\"https:\/\/htwsaar-blog.de\/blog\/2022\/09\/12\/konstruieren-programmieren-mitfiebern\/\">Konstruieren, programmieren, mitfiebern<\/a><\/blockquote><iframe loading=\"lazy\" class=\"wp-embedded-content\" sandbox=\"allow-scripts\" security=\"restricted\" style=\"position: absolute; clip: rect(1px, 1px, 1px, 1px);\" title=\"&#8222;Konstruieren, programmieren, mitfiebern&#8220; &#8212; htw saar blog\" src=\"https:\/\/htwsaar-blog.de\/blog\/2022\/09\/12\/konstruieren-programmieren-mitfiebern\/embed\/#?secret=TsOSYqI2SX\" data-secret=\"TsOSYqI2SX\" width=\"600\" height=\"338\" frameborder=\"0\" marginwidth=\"0\" marginheight=\"0\" scrolling=\"no\"><\/iframe>\n<\/div><\/figure>\n\n\n\n<figure class=\"wp-block-embed is-type-wp-embed is-provider-wordpress wp-block-embed-wordpress is-provider-htw-saar-blog\"><div class=\"wp-block-embed__wrapper\">\nhttps:\/\/htwsaar-blog.de\/blog\/2020\/09\/03\/wo-die-ingenieure-von-morgen-ausgebildet-werden\/\n<\/div><\/figure>\n\n\n\n<figure class=\"wp-block-embed is-type-wp-embed is-provider-htw-saar-blog wp-block-embed-htw-saar-blog\"><div class=\"wp-block-embed__wrapper\">\n<blockquote class=\"wp-embedded-content\" data-secret=\"RYFYkx8irn\"><a href=\"https:\/\/htwsaar-blog.de\/blog\/2022\/03\/07\/neues-robotik-labor-fuer-schuelerinnen-und-schueler-an-der-htw-saar\/\">Neues Robotik-Labor f\u00fcr Sch\u00fclerinnen und Sch\u00fcler an der htw saar<\/a><\/blockquote><iframe loading=\"lazy\" class=\"wp-embedded-content\" sandbox=\"allow-scripts\" security=\"restricted\" style=\"position: absolute; clip: rect(1px, 1px, 1px, 1px);\" title=\"&#8222;Neues Robotik-Labor f\u00fcr Sch\u00fclerinnen und Sch\u00fcler an der htw saar&#8220; &#8212; htw saar blog\" src=\"https:\/\/htwsaar-blog.de\/blog\/2022\/03\/07\/neues-robotik-labor-fuer-schuelerinnen-und-schueler-an-der-htw-saar\/embed\/#?secret=RYFYkx8irn\" data-secret=\"RYFYkx8irn\" width=\"600\" height=\"338\" frameborder=\"0\" marginwidth=\"0\" marginheight=\"0\" scrolling=\"no\"><\/iframe>\n<\/div><\/figure>\n\n\n\n<figure class=\"wp-block-embed is-type-wp-embed is-provider-htw-saar-blog wp-block-embed-htw-saar-blog\"><div class=\"wp-block-embed__wrapper\">\n<blockquote class=\"wp-embedded-content\" data-secret=\"42Bh1KCSRv\"><a href=\"https:\/\/htwsaar-blog.de\/blog\/2020\/03\/05\/robonight-preis\/\">Aus Spa\u00df wird Ernst &#8230; und dann ein Auto<\/a><\/blockquote><iframe loading=\"lazy\" class=\"wp-embedded-content\" sandbox=\"allow-scripts\" security=\"restricted\" style=\"position: absolute; clip: rect(1px, 1px, 1px, 1px);\" title=\"&#8222;Aus Spa\u00df wird Ernst &#8230; und dann ein Auto&#8220; &#8212; htw saar blog\" src=\"https:\/\/htwsaar-blog.de\/blog\/2020\/03\/05\/robonight-preis\/embed\/#?secret=42Bh1KCSRv\" data-secret=\"42Bh1KCSRv\" width=\"600\" height=\"338\" frameborder=\"0\" marginwidth=\"0\" marginheight=\"0\" scrolling=\"no\"><\/iframe>\n<\/div><\/figure>\n\n\n\n<figure class=\"wp-block-embed is-type-wp-embed is-provider-htw-saar-blog wp-block-embed-htw-saar-blog\"><div class=\"wp-block-embed__wrapper\">\n<blockquote class=\"wp-embedded-content\" data-secret=\"dkvbICEn94\"><a href=\"https:\/\/htwsaar-blog.de\/blog\/2019\/12\/17\/chinesisch-deutsches-studierendenprojekt\/\">Chinesisch-Deutsches Studierendenprojekt \u2013 Freie Pl\u00e4tze, jetzt bewerben!<\/a><\/blockquote><iframe loading=\"lazy\" class=\"wp-embedded-content\" sandbox=\"allow-scripts\" security=\"restricted\" style=\"position: absolute; clip: rect(1px, 1px, 1px, 1px);\" title=\"&#8222;Chinesisch-Deutsches Studierendenprojekt \u2013 Freie Pl\u00e4tze, jetzt bewerben!&#8220; &#8212; htw saar blog\" src=\"https:\/\/htwsaar-blog.de\/blog\/2019\/12\/17\/chinesisch-deutsches-studierendenprojekt\/embed\/#?secret=dkvbICEn94\" data-secret=\"dkvbICEn94\" width=\"600\" height=\"338\" frameborder=\"0\" marginwidth=\"0\" marginheight=\"0\" scrolling=\"no\"><\/iframe>\n<\/div><\/figure>\n\n\n\n<figure class=\"wp-block-embed is-type-wp-embed is-provider-htw-saar-blog wp-block-embed-htw-saar-blog\"><div class=\"wp-block-embed__wrapper\">\n<blockquote class=\"wp-embedded-content\" data-secret=\"nrwbERnea3\"><a href=\"https:\/\/htwsaar-blog.de\/blog\/2019\/12\/05\/robonight-2019\/\">RoboNight 2019 im Zeichen der K\u00fcnstlichen Intelligenz<\/a><\/blockquote><iframe loading=\"lazy\" class=\"wp-embedded-content\" sandbox=\"allow-scripts\" security=\"restricted\" style=\"position: absolute; clip: rect(1px, 1px, 1px, 1px);\" title=\"&#8222;RoboNight 2019 im Zeichen der K\u00fcnstlichen Intelligenz&#8220; &#8212; htw saar blog\" src=\"https:\/\/htwsaar-blog.de\/blog\/2019\/12\/05\/robonight-2019\/embed\/#?secret=nrwbERnea3\" data-secret=\"nrwbERnea3\" width=\"600\" height=\"338\" frameborder=\"0\" marginwidth=\"0\" marginheight=\"0\" scrolling=\"no\"><\/iframe>\n<\/div><\/figure>\n\n\n\n<figure class=\"wp-block-embed is-type-wp-embed is-provider-htw-saar-blog wp-block-embed-htw-saar-blog\"><div class=\"wp-block-embed__wrapper\">\n<blockquote class=\"wp-embedded-content\" data-secret=\"cTqtwowlEr\"><a href=\"https:\/\/htwsaar-blog.de\/blog\/2019\/12\/04\/fancy-factory\/\">Fancy Factory pr\u00e4sentiert sich bei der knowhow@htw saar<\/a><\/blockquote><iframe loading=\"lazy\" class=\"wp-embedded-content\" sandbox=\"allow-scripts\" security=\"restricted\" style=\"position: absolute; clip: rect(1px, 1px, 1px, 1px);\" title=\"&#8222;Fancy Factory pr\u00e4sentiert sich bei der knowhow@htw saar&#8220; &#8212; htw saar blog\" src=\"https:\/\/htwsaar-blog.de\/blog\/2019\/12\/04\/fancy-factory\/embed\/#?secret=cTqtwowlEr\" data-secret=\"cTqtwowlEr\" width=\"600\" height=\"338\" frameborder=\"0\" marginwidth=\"0\" marginheight=\"0\" scrolling=\"no\"><\/iframe>\n<\/div><\/figure>\n\n\n\n<figure class=\"wp-block-embed is-type-wp-embed is-provider-htw-saar-blog wp-block-embed-htw-saar-blog\"><div class=\"wp-block-embed__wrapper\">\n<blockquote class=\"wp-embedded-content\" data-secret=\"jRUWCEKsCO\"><a href=\"https:\/\/htwsaar-blog.de\/blog\/2019\/11\/25\/education-plus\/\">education+: Perspektiven f\u00fcr die (Weiter-)Bildung im Zeitalter der Digitalisierung<\/a><\/blockquote><iframe loading=\"lazy\" class=\"wp-embedded-content\" sandbox=\"allow-scripts\" security=\"restricted\" style=\"position: absolute; clip: rect(1px, 1px, 1px, 1px);\" title=\"&#8222;education+: Perspektiven f\u00fcr die (Weiter-)Bildung im Zeitalter der Digitalisierung&#8220; &#8212; htw saar blog\" src=\"https:\/\/htwsaar-blog.de\/blog\/2019\/11\/25\/education-plus\/embed\/#?secret=jRUWCEKsCO\" data-secret=\"jRUWCEKsCO\" width=\"600\" height=\"338\" frameborder=\"0\" marginwidth=\"0\" marginheight=\"0\" scrolling=\"no\"><\/iframe>\n<\/div><\/figure>\n\n\n\n<figure class=\"wp-block-embed is-type-wp-embed is-provider-htw-saar-blog wp-block-embed-htw-saar-blog\"><div class=\"wp-block-embed__wrapper\">\n<blockquote class=\"wp-embedded-content\" data-secret=\"zMKtk1Q2kr\"><a href=\"https:\/\/htwsaar-blog.de\/blog\/2019\/09\/09\/experimentierfreude-bei-gross-und-klein-im-mehrgenerationenhaus-merzig\/\">Experimentierfreude bei Gro\u00df und Klein im Mehrgenerationenhaus Merzig<\/a><\/blockquote><iframe loading=\"lazy\" class=\"wp-embedded-content\" sandbox=\"allow-scripts\" security=\"restricted\" style=\"position: absolute; clip: rect(1px, 1px, 1px, 1px);\" title=\"&#8222;Experimentierfreude bei Gro\u00df und Klein im Mehrgenerationenhaus Merzig&#8220; &#8212; htw saar blog\" src=\"https:\/\/htwsaar-blog.de\/blog\/2019\/09\/09\/experimentierfreude-bei-gross-und-klein-im-mehrgenerationenhaus-merzig\/embed\/#?secret=zMKtk1Q2kr\" data-secret=\"zMKtk1Q2kr\" width=\"600\" height=\"338\" frameborder=\"0\" marginwidth=\"0\" marginheight=\"0\" scrolling=\"no\"><\/iframe>\n<\/div><\/figure>\n\n\n\n<figure class=\"wp-block-embed is-type-wp-embed is-provider-htw-saar-blog wp-block-embed-htw-saar-blog\"><div class=\"wp-block-embed__wrapper\">\n<blockquote class=\"wp-embedded-content\" data-secret=\"4JCFmdNIWH\"><a href=\"https:\/\/htwsaar-blog.de\/blog\/2019\/07\/09\/mensch-maschine\/\">Kommunikation zwischen Mensch und Maschine<\/a><\/blockquote><iframe loading=\"lazy\" class=\"wp-embedded-content\" sandbox=\"allow-scripts\" security=\"restricted\" style=\"position: absolute; clip: rect(1px, 1px, 1px, 1px);\" title=\"&#8222;Kommunikation zwischen Mensch und Maschine&#8220; &#8212; htw saar blog\" src=\"https:\/\/htwsaar-blog.de\/blog\/2019\/07\/09\/mensch-maschine\/embed\/#?secret=4JCFmdNIWH\" data-secret=\"4JCFmdNIWH\" width=\"600\" height=\"338\" frameborder=\"0\" marginwidth=\"0\" marginheight=\"0\" scrolling=\"no\"><\/iframe>\n<\/div><\/figure>\n\n\n\n<figure><iframe loading=\"lazy\" src=\"https:\/\/www.facebook.com\/plugins\/video.php?href=https%3A%2F%2Fwww.facebook.com%2Fschoen.nadine%2Fvideos%2F468314553903100%2F&amp;show_text=0&amp;width=560&amp;mute=0\" allowfullscreen=\"true\" width=\"560\" height=\"315\"><\/iframe><\/figure>\n\n\n\n<p class=\"has-medium-font-size\"><\/p>\n\n\n\n<figure class=\"wp-block-embed is-type-wp-embed is-provider-htw-saar-blog wp-block-embed-htw-saar-blog\"><div class=\"wp-block-embed__wrapper\">\n<blockquote class=\"wp-embedded-content\" data-secret=\"ejQSlU6gMU\"><a href=\"https:\/\/htwsaar-blog.de\/blog\/2019\/07\/11\/testfeld-digitalisierung\/\">Sch\u00fcler und Studierende f\u00fcr Digitalisierung begeistern \u00a0<\/a><\/blockquote><iframe loading=\"lazy\" class=\"wp-embedded-content\" sandbox=\"allow-scripts\" security=\"restricted\" style=\"position: absolute; clip: rect(1px, 1px, 1px, 1px);\" title=\"&#8222;Sch\u00fcler und Studierende f\u00fcr Digitalisierung begeistern \u00a0&#8220; &#8212; htw saar blog\" src=\"https:\/\/htwsaar-blog.de\/blog\/2019\/07\/11\/testfeld-digitalisierung\/embed\/#?secret=ejQSlU6gMU\" data-secret=\"ejQSlU6gMU\" width=\"600\" height=\"338\" frameborder=\"0\" marginwidth=\"0\" marginheight=\"0\" scrolling=\"no\"><\/iframe>\n<\/div><\/figure>\n\n\n\n<figure class=\"wp-block-embed is-type-wp-embed is-provider-htw-saar-blog wp-block-embed-htw-saar-blog\"><div class=\"wp-block-embed__wrapper\">\n<blockquote class=\"wp-embedded-content\" data-secret=\"fYuuOnAExr\"><a href=\"https:\/\/htwsaar-blog.de\/blog\/2019\/04\/29\/csitf\/\">CSITF: Saarland Gastland auf Technologie-Messe in Shanghai<\/a><\/blockquote><iframe loading=\"lazy\" class=\"wp-embedded-content\" sandbox=\"allow-scripts\" security=\"restricted\" style=\"position: absolute; clip: rect(1px, 1px, 1px, 1px);\" title=\"&#8222;CSITF: Saarland Gastland auf Technologie-Messe in Shanghai&#8220; &#8212; htw saar blog\" src=\"https:\/\/htwsaar-blog.de\/blog\/2019\/04\/29\/csitf\/embed\/#?secret=fYuuOnAExr\" data-secret=\"fYuuOnAExr\" width=\"600\" height=\"338\" frameborder=\"0\" marginwidth=\"0\" marginheight=\"0\" scrolling=\"no\"><\/iframe>\n<\/div><\/figure>\n\n\n\n<figure class=\"wp-block-embed is-type-wp-embed is-provider-htw-saar-blog wp-block-embed-htw-saar-blog\"><div class=\"wp-block-embed__wrapper\">\n<blockquote class=\"wp-embedded-content\" data-secret=\"787Du8Lhd0\"><a href=\"https:\/\/htwsaar-blog.de\/blog\/2019\/04\/24\/learning-lab\/\">Industrie 4.0 \u2013 Learning Lab zum Anfassen in China<\/a><\/blockquote><iframe loading=\"lazy\" class=\"wp-embedded-content\" sandbox=\"allow-scripts\" security=\"restricted\" style=\"position: absolute; clip: rect(1px, 1px, 1px, 1px);\" title=\"&#8222;Industrie 4.0 \u2013 Learning Lab zum Anfassen in China&#8220; &#8212; htw saar blog\" src=\"https:\/\/htwsaar-blog.de\/blog\/2019\/04\/24\/learning-lab\/embed\/#?secret=787Du8Lhd0\" data-secret=\"787Du8Lhd0\" width=\"600\" height=\"338\" frameborder=\"0\" marginwidth=\"0\" marginheight=\"0\" scrolling=\"no\"><\/iframe>\n<\/div><\/figure>\n","protected":false},"excerpt":{"rendered":"","protected":false},"author":4,"featured_media":0,"parent":0,"menu_order":0,"comment_status":"closed","ping_status":"closed","template":"","meta":{"footnotes":""},"class_list":["post-1821","page","type-page","status-publish","hentry"],"_links":{"self":[{"href":"https:\/\/m4p.htwsaar.de\/index.php\/wp-json\/wp\/v2\/pages\/1821","targetHints":{"allow":["GET"]}}],"collection":[{"href":"https:\/\/m4p.htwsaar.de\/index.php\/wp-json\/wp\/v2\/pages"}],"about":[{"href":"https:\/\/m4p.htwsaar.de\/index.php\/wp-json\/wp\/v2\/types\/page"}],"author":[{"embeddable":true,"href":"https:\/\/m4p.htwsaar.de\/index.php\/wp-json\/wp\/v2\/users\/4"}],"replies":[{"embeddable":true,"href":"https:\/\/m4p.htwsaar.de\/index.php\/wp-json\/wp\/v2\/comments?post=1821"}],"version-history":[{"count":6,"href":"https:\/\/m4p.htwsaar.de\/index.php\/wp-json\/wp\/v2\/pages\/1821\/revisions"}],"predecessor-version":[{"id":2417,"href":"https:\/\/m4p.htwsaar.de\/index.php\/wp-json\/wp\/v2\/pages\/1821\/revisions\/2417"}],"wp:attachment":[{"href":"https:\/\/m4p.htwsaar.de\/index.php\/wp-json\/wp\/v2\/media?parent=1821"}],"curies":[{"name":"wp","href":"https:\/\/api.w.org\/{rel}","templated":true}]}}